{"id":8429,"date":"2023-07-03T14:56:42","date_gmt":"2023-07-03T19:56:42","guid":{"rendered":"https:\/\/switchintercultural.com\/?page_id=8429"},"modified":"2023-07-03T14:58:09","modified_gmt":"2023-07-03T19:58:09","slug":"graciasportupago","status":"publish","type":"page","link":"https:\/\/switchintercultural.com\/es\/graciasportupago\/","title":{"rendered":"Gracias!"},"content":{"rendered":"<div data-elementor-type=\"wp-page\" data-elementor-id=\"8429\" class=\"elementor elementor-8429\">\n\t\t\t\t\t\t<section class=\"elementor-section elementor-top-section elementor-element elementor-element-b12cce4 elementor-section-boxed elementor-section-height-default elementor-section-height-default\" data-id=\"b12cce4\" data-element_type=\"section\">\n\t\t\t\t\t\t<div class=\"elementor-container elementor-column-gap-default\">\n\t\t\t\t\t<div class=\"elementor-column elementor-col-100 elementor-top-column elementor-element elementor-element-9579d0a\" data-id=\"9579d0a\" data-element_type=\"column\">\n\t\t\t<div class=\"elementor-widget-wrap elementor-element-populated\">\n\t\t\t\t\t\t<section class=\"elementor-section elementor-inner-section elementor-element elementor-element-f6cf1fa elementor-section-boxed elementor-section-height-default elementor-section-height-default\" data-id=\"f6cf1fa\" data-element_type=\"section\">\n\t\t\t\t\t\t<div class=\"elementor-container elementor-column-gap-default\">\n\t\t\t\t\t<div class=\"elementor-column elementor-col-50 elementor-inner-column elementor-element elementor-element-2305748\" data-id=\"2305748\" data-element_type=\"column\">\n\t\t\t<div class=\"elementor-widget-wrap elementor-element-populated\">\n\t\t\t\t\t\t<div class=\"elementor-element elementor-element-d81a441 elementor-widget elementor-widget-heading\" data-id=\"d81a441\" data-element_type=\"widget\" data-widget_type=\"heading.default\">\n\t\t\t\t<div class=\"elementor-widget-container\">\n\t\t\t<h2 class=\"elementor-heading-title elementor-size-default\"><span style=\"color: var( --e-global-color-primary ); font-weight: var( --e-global-typography-primary-font-weight ); text-align: center; text-decoration-line: initial; background-color: var( --e-global-color-54722c0 );\">El pago fue exitoso<\/span><\/h2>\t\t<\/div>\n\t\t\t\t<\/div>\n\t\t\t\t<div class=\"elementor-element elementor-element-9a5ac2c elementor-widget elementor-widget-text-editor\" data-id=\"9a5ac2c\" data-element_type=\"widget\" data-widget_type=\"text-editor.default\">\n\t\t\t\t<div class=\"elementor-widget-container\">\n\t\t\t\t\t\t\t<p><span style=\"color: var( --e-global-color-text ); font-family: var( --e-global-typography-text-font-family ), Sans-serif; font-weight: var( --e-global-typography-text-font-weight ); background-color: var( --e-global-color-54722c0 ); font-size: 1rem;\">Nos vemos pronto. Disfruta tu proceso de crecimiento y transformaci\u00f3n<\/span><\/p>\t\t\t\t\t\t<\/div>\n\t\t\t\t<\/div>\n\t\t\t\t<div class=\"elementor-element elementor-element-65a9424 elementor-widget elementor-widget-image\" data-id=\"65a9424\" data-element_type=\"widget\" data-widget_type=\"image.default\">\n\t\t\t\t<div class=\"elementor-widget-container\">\n\t\t\t\t\t\t\t\t\t\t\t\t\t<img decoding=\"async\" width=\"150\" height=\"150\" src=\"https:\/\/switchintercultural.com\/wp-content\/uploads\/2023\/04\/puesta-en-marcha-150x150.png\" class=\"attachment-thumbnail size-thumbnail wp-image-7834\" alt=\"\" srcset=\"https:\/\/switchintercultural.com\/wp-content\/uploads\/2023\/04\/puesta-en-marcha-150x150.png 150w, https:\/\/switchintercultural.com\/wp-content\/uploads\/2023\/04\/puesta-en-marcha-300x300.png 300w, https:\/\/switchintercultural.com\/wp-content\/uploads\/2023\/04\/puesta-en-marcha-12x12.png 12w, https:\/\/switchintercultural.com\/wp-content\/uploads\/2023\/04\/puesta-en-marcha-100x100.png 100w, https:\/\/switchintercultural.com\/wp-content\/uploads\/2023\/04\/puesta-en-marcha.png 512w\" sizes=\"(max-width: 150px) 100vw, 150px\" \/>\t\t\t\t\t\t\t\t\t\t\t\t\t<\/div>\n\t\t\t\t<\/div>\n\t\t\t\t\t<\/div>\n\t\t<\/div>\n\t\t\t\t<div class=\"elementor-column elementor-col-50 elementor-inner-column elementor-element elementor-element-eca6e62\" data-id=\"eca6e62\" data-element_type=\"column\">\n\t\t\t<div class=\"elementor-widget-wrap elementor-element-populated\">\n\t\t\t\t\t\t<div class=\"elementor-element elementor-element-581d35a elementor-widget elementor-widget-image\" data-id=\"581d35a\" data-element_type=\"widget\" data-widget_type=\"image.default\">\n\t\t\t\t<div class=\"elementor-widget-container\">\n\t\t\t\t\t\t\t\t\t\t\t\t\t<img fetchpriority=\"high\" decoding=\"async\" width=\"200\" height=\"300\" src=\"https:\/\/switchintercultural.com\/wp-content\/uploads\/2023\/05\/margarita-coaching-1-a-1-200x300.jpg\" class=\"attachment-medium size-medium wp-image-8224\" alt=\"\" srcset=\"https:\/\/switchintercultural.com\/wp-content\/uploads\/2023\/05\/margarita-coaching-1-a-1-200x300.jpg 200w, https:\/\/switchintercultural.com\/wp-content\/uploads\/2023\/05\/margarita-coaching-1-a-1-683x1024.jpg 683w, https:\/\/switchintercultural.com\/wp-content\/uploads\/2023\/05\/margarita-coaching-1-a-1-768x1151.jpg 768w, https:\/\/switchintercultural.com\/wp-content\/uploads\/2023\/05\/margarita-coaching-1-a-1-8x12.jpg 8w, https:\/\/switchintercultural.com\/wp-content\/uploads\/2023\/05\/margarita-coaching-1-a-1.jpg 881w\" sizes=\"(max-width: 200px) 100vw, 200px\" \/>\t\t\t\t\t\t\t\t\t\t\t\t\t<\/div>\n\t\t\t\t<\/div>\n\t\t\t\t\t<\/div>\n\t\t<\/div>\n\t\t\t\t\t<\/div>\n\t\t<\/section>\n\t\t\t\t\t<\/div>\n\t\t<\/div>\n\t\t\t\t\t<\/div>\n\t\t<\/section>\n\t\t\t\t<\/div>","protected":false},"excerpt":{"rendered":"<p>El pago fue exitoso Nos vemos pronto. Disfruta tu proceso de crecimiento y transformaci\u00f3n<\/p>","protected":false},"author":4,"featured_media":0,"parent":0,"menu_order":0,"comment_status":"closed","ping_status":"closed","template":"","meta":{"site-sidebar-layout":"no-sidebar","site-content-layout":"page-builder","ast-global-header-display":"","ast-main-header-display":"","ast-hfb-above-header-display":"","ast-hfb-below-header-display":"","ast-hfb-mobile-header-display":"","site-post-title":"disabled","ast-breadcrumbs-content":"","ast-featured-img":"disabled","footer-sml-layout":"","theme-transparent-header-meta":"","adv-header-id-meta":"","stick-header-meta":"","header-above-stick-meta":"","header-main-stick-meta":"","header-below-stick-meta":""},"yoast_head":"<!-- This site is optimized with the Yoast SEO plugin v20.9 - https:\/\/yoast.com\/wordpress\/plugins\/seo\/ -->\n<title>Gracias! - Switch Intercultural<\/title>\n<meta name=\"robots\" content=\"index, follow, max-snippet:-1, max-image-preview:large, max-video-preview:-1\" \/>\n<link rel=\"canonical\" href=\"https:\/\/switchintercultural.com\/es\/graciasportupago\/\" \/>\n<meta property=\"og:locale\" content=\"es_ES\" \/>\n<meta property=\"og:type\" content=\"article\" \/>\n<meta property=\"og:title\" content=\"Gracias! - Switch Intercultural\" \/>\n<meta property=\"og:description\" content=\"El pago fue exitoso Nos vemos pronto. Disfruta tu proceso de crecimiento y transformaci\u00f3n\" \/>\n<meta property=\"og:url\" content=\"https:\/\/switchintercultural.com\/es\/graciasportupago\/\" \/>\n<meta property=\"og:site_name\" content=\"Switch Intercultural\" \/>\n<meta property=\"article:publisher\" content=\"https:\/\/www.facebook.com\/creandoexitoenholanda\/\" \/>\n<meta property=\"article:modified_time\" content=\"2023-07-03T19:58:09+00:00\" \/>\n<meta property=\"og:image\" content=\"https:\/\/switchintercultural.com\/wp-content\/uploads\/2023\/04\/puesta-en-marcha-150x150.png\" \/>\n<meta name=\"twitter:card\" content=\"summary_large_image\" \/>\n<meta name=\"twitter:label1\" content=\"Tiempo de lectura\" \/>\n\t<meta name=\"twitter:data1\" content=\"1 minuto\" \/>\n<script type=\"application\/ld+json\" class=\"yoast-schema-graph\">{\"@context\":\"https:\/\/schema.org\",\"@graph\":[{\"@type\":\"WebPage\",\"@id\":\"https:\/\/switchintercultural.com\/graciasportupago\/\",\"url\":\"https:\/\/switchintercultural.com\/graciasportupago\/\",\"name\":\"Gracias! - Switch Intercultural\",\"isPartOf\":{\"@id\":\"https:\/\/switchintercultural.com\/#website\"},\"datePublished\":\"2023-07-03T19:56:42+00:00\",\"dateModified\":\"2023-07-03T19:58:09+00:00\",\"breadcrumb\":{\"@id\":\"https:\/\/switchintercultural.com\/graciasportupago\/#breadcrumb\"},\"inLanguage\":\"es\",\"potentialAction\":[{\"@type\":\"ReadAction\",\"target\":[\"https:\/\/switchintercultural.com\/graciasportupago\/\"]}]},{\"@type\":\"BreadcrumbList\",\"@id\":\"https:\/\/switchintercultural.com\/graciasportupago\/#breadcrumb\",\"itemListElement\":[{\"@type\":\"ListItem\",\"position\":1,\"name\":\"Home\",\"item\":\"https:\/\/switchintercultural.com\/\"},{\"@type\":\"ListItem\",\"position\":2,\"name\":\"Gracias!\"}]},{\"@type\":\"WebSite\",\"@id\":\"https:\/\/switchintercultural.com\/#website\",\"url\":\"https:\/\/switchintercultural.com\/\",\"name\":\"Switch Intercultural\",\"description\":\"Around the world there are many opportunities. Work, business, study, and better life opportunities. We all have the right to access these opportunities.\",\"publisher\":{\"@id\":\"https:\/\/switchintercultural.com\/#\/schema\/person\/46bd4dd9f5b57faca24e16fd40ad1a0f\"},\"potentialAction\":[{\"@type\":\"SearchAction\",\"target\":{\"@type\":\"EntryPoint\",\"urlTemplate\":\"https:\/\/switchintercultural.com\/?s={search_term_string}\"},\"query-input\":\"required name=search_term_string\"}],\"inLanguage\":\"es\"},{\"@type\":[\"Person\",\"Organization\"],\"@id\":\"https:\/\/switchintercultural.com\/#\/schema\/person\/46bd4dd9f5b57faca24e16fd40ad1a0f\",\"name\":\"Margarita Lourido\",\"image\":{\"@type\":\"ImageObject\",\"inLanguage\":\"es\",\"@id\":\"https:\/\/switchintercultural.com\/#\/schema\/person\/image\/\",\"url\":\"https:\/\/switchintercultural.com\/wp-content\/uploads\/2020\/08\/logo-switch-w1000.png\",\"contentUrl\":\"https:\/\/switchintercultural.com\/wp-content\/uploads\/2020\/08\/logo-switch-w1000.png\",\"width\":1074,\"height\":457,\"caption\":\"Margarita Lourido\"},\"logo\":{\"@id\":\"https:\/\/switchintercultural.com\/#\/schema\/person\/image\/\"},\"description\":\"Se podr\u00eda decir que soy curiosa, entusiasta y una adicta a la evoluci\u00f3n personal. Me encanta buscar la claridad porque s\u00e9 que el origen del crecimiento y la excelencia, se ve como caos y confusi\u00f3n. Veo la vida como un lugar generoso donde inevitablemente encuentras el \u00e9xito cada vez que decides disfrutar de tu camino hacia una visi\u00f3n clara y cuidarte primero. A esto lo llamo \u201c\u00c9xito desde el amor propio y la plenitud\u201d.Compassionate and Joyful Success\u201d.\",\"sameAs\":[\"https:\/\/www.facebook.com\/creandoexitoenholanda\/\",\"https:\/\/www.instagram.com\/dr.margaritalourido\/\",\"https:\/\/www.linkedin.com\/in\/dr-margarita-lourido-54680210\/\"]}]}<\/script>\n<!-- \/ Yoast SEO plugin. -->","yoast_head_json":{"title":"Gracias! - Switch Intercultural","robots":{"index":"index","follow":"follow","max-snippet":"max-snippet:-1","max-image-preview":"max-image-preview:large","max-video-preview":"max-video-preview:-1"},"canonical":"https:\/\/switchintercultural.com\/es\/graciasportupago\/","og_locale":"es_ES","og_type":"article","og_title":"Gracias! - Switch Intercultural","og_description":"El pago fue exitoso Nos vemos pronto. Disfruta tu proceso de crecimiento y transformaci\u00f3n","og_url":"https:\/\/switchintercultural.com\/es\/graciasportupago\/","og_site_name":"Switch Intercultural","article_publisher":"https:\/\/www.facebook.com\/creandoexitoenholanda\/","article_modified_time":"2023-07-03T19:58:09+00:00","og_image":[{"url":"https:\/\/switchintercultural.com\/wp-content\/uploads\/2023\/04\/puesta-en-marcha-150x150.png"}],"twitter_card":"summary_large_image","twitter_misc":{"Tiempo de lectura":"1 minuto"},"schema":{"@context":"https:\/\/schema.org","@graph":[{"@type":"WebPage","@id":"https:\/\/switchintercultural.com\/graciasportupago\/","url":"https:\/\/switchintercultural.com\/graciasportupago\/","name":"Gracias! - Switch Intercultural","isPartOf":{"@id":"https:\/\/switchintercultural.com\/#website"},"datePublished":"2023-07-03T19:56:42+00:00","dateModified":"2023-07-03T19:58:09+00:00","breadcrumb":{"@id":"https:\/\/switchintercultural.com\/graciasportupago\/#breadcrumb"},"inLanguage":"es","potentialAction":[{"@type":"ReadAction","target":["https:\/\/switchintercultural.com\/graciasportupago\/"]}]},{"@type":"BreadcrumbList","@id":"https:\/\/switchintercultural.com\/graciasportupago\/#breadcrumb","itemListElement":[{"@type":"ListItem","position":1,"name":"Home","item":"https:\/\/switchintercultural.com\/"},{"@type":"ListItem","position":2,"name":"Gracias!"}]},{"@type":"WebSite","@id":"https:\/\/switchintercultural.com\/#website","url":"https:\/\/switchintercultural.com\/","name":"Switch Intercultural","description":"Around the world there are many opportunities. Work, business, study, and better life opportunities. We all have the right to access these opportunities.","publisher":{"@id":"https:\/\/switchintercultural.com\/#\/schema\/person\/46bd4dd9f5b57faca24e16fd40ad1a0f"},"potentialAction":[{"@type":"SearchAction","target":{"@type":"EntryPoint","urlTemplate":"https:\/\/switchintercultural.com\/?s={search_term_string}"},"query-input":"required name=search_term_string"}],"inLanguage":"es"},{"@type":["Person","Organization"],"@id":"https:\/\/switchintercultural.com\/#\/schema\/person\/46bd4dd9f5b57faca24e16fd40ad1a0f","name":"Margarita Lourido","image":{"@type":"ImageObject","inLanguage":"es","@id":"https:\/\/switchintercultural.com\/#\/schema\/person\/image\/","url":"https:\/\/switchintercultural.com\/wp-content\/uploads\/2020\/08\/logo-switch-w1000.png","contentUrl":"https:\/\/switchintercultural.com\/wp-content\/uploads\/2020\/08\/logo-switch-w1000.png","width":1074,"height":457,"caption":"Margarita Lourido"},"logo":{"@id":"https:\/\/switchintercultural.com\/#\/schema\/person\/image\/"},"description":"Se podr\u00eda decir que soy curiosa, entusiasta y una adicta a la evoluci\u00f3n personal. Me encanta buscar la claridad porque s\u00e9 que el origen del crecimiento y la excelencia, se ve como caos y confusi\u00f3n. Veo la vida como un lugar generoso donde inevitablemente encuentras el \u00e9xito cada vez que decides disfrutar de tu camino hacia una visi\u00f3n clara y cuidarte primero. A esto lo llamo \u201c\u00c9xito desde el amor propio y la plenitud\u201d.Compassionate and Joyful Success\u201d.","sameAs":["https:\/\/www.facebook.com\/creandoexitoenholanda\/","https:\/\/www.instagram.com\/dr.margaritalourido\/","https:\/\/www.linkedin.com\/in\/dr-margarita-lourido-54680210\/"]}]}},"_links":{"self":[{"href":"https:\/\/switchintercultural.com\/es\/wp-json\/wp\/v2\/pages\/8429"}],"collection":[{"href":"https:\/\/switchintercultural.com\/es\/wp-json\/wp\/v2\/pages"}],"about":[{"href":"https:\/\/switchintercultural.com\/es\/wp-json\/wp\/v2\/types\/page"}],"author":[{"embeddable":true,"href":"https:\/\/switchintercultural.com\/es\/wp-json\/wp\/v2\/users\/4"}],"replies":[{"embeddable":true,"href":"https:\/\/switchintercultural.com\/es\/wp-json\/wp\/v2\/comments?post=8429"}],"version-history":[{"count":8,"href":"https:\/\/switchintercultural.com\/es\/wp-json\/wp\/v2\/pages\/8429\/revisions"}],"predecessor-version":[{"id":8437,"href":"https:\/\/switchintercultural.com\/es\/wp-json\/wp\/v2\/pages\/8429\/revisions\/8437"}],"wp:attachment":[{"href":"https:\/\/switchintercultural.com\/es\/wp-json\/wp\/v2\/media?parent=8429"}],"curies":[{"name":"wp","href":"https:\/\/api.w.org\/{rel}","templated":true}]}}