{"id":8321,"date":"2023-05-31T05:35:54","date_gmt":"2023-05-31T10:35:54","guid":{"rendered":"https:\/\/switchintercultural.com\/?page_id=8321"},"modified":"2023-07-31T02:09:20","modified_gmt":"2023-07-31T07:09:20","slug":"payments-coaching-and-training-programs","status":"publish","type":"page","link":"https:\/\/switchintercultural.com\/es\/payments-coaching-and-training-programs\/","title":{"rendered":"Payments Training Programs"},"content":{"rendered":"<div data-elementor-type=\"wp-page\" data-elementor-id=\"8321\" class=\"elementor elementor-8321\">\n\t\t\t\t\t\t<section class=\"elementor-section elementor-top-section elementor-element elementor-element-332b5a18 elementor-section-boxed elementor-section-height-default elementor-section-height-default\" data-id=\"332b5a18\" data-element_type=\"section\">\n\t\t\t\t\t\t<div class=\"elementor-container elementor-column-gap-default\">\n\t\t\t\t\t<div class=\"elementor-column elementor-col-100 elementor-top-column elementor-element elementor-element-77586eb6\" data-id=\"77586eb6\" data-element_type=\"column\">\n\t\t\t<div class=\"elementor-widget-wrap elementor-element-populated\">\n\t\t\t\t\t\t<div class=\"elementor-element elementor-element-30ced239 elementor-widget elementor-widget-text-editor\" data-id=\"30ced239\" data-element_type=\"widget\" data-widget_type=\"text-editor.default\">\n\t\t\t\t<div class=\"elementor-widget-container\">\n\t\t\t\t\t\t\t<!-- wp:paragraph -->\n<p><\/p>\n<!-- \/wp:paragraph -->\n\n<!-- wp:paragraph -->\n<p><\/p>\n<!-- \/wp:paragraph -->\n\n<!-- wp:paragraph -->\n<p><\/p>\n<!-- \/wp:paragraph -->\n\n<!-- wp:paragraph -->\n<p><\/p>\n<!-- \/wp:paragraph -->\t\t\t\t\t\t<\/div>\n\t\t\t\t<\/div>\n\t\t\t\t\t<\/div>\n\t\t<\/div>\n\t\t\t\t\t<\/div>\n\t\t<\/section>\n\t\t\t\t<section class=\"elementor-section elementor-top-section elementor-element elementor-element-2ec8a25 elementor-section-boxed elementor-section-height-default elementor-section-height-default\" data-id=\"2ec8a25\" data-element_type=\"section\">\n\t\t\t\t\t\t<div class=\"elementor-container elementor-column-gap-default\">\n\t\t\t\t\t<div class=\"elementor-column elementor-col-100 elementor-top-column elementor-element elementor-element-81ab8c5\" data-id=\"81ab8c5\" data-element_type=\"column\">\n\t\t\t<div class=\"elementor-widget-wrap elementor-element-populated\">\n\t\t\t\t\t\t<div class=\"elementor-element elementor-element-b616da0 elementor-widget elementor-widget-text-editor\" data-id=\"b616da0\" data-element_type=\"widget\" data-widget_type=\"text-editor.default\">\n\t\t\t\t<div class=\"elementor-widget-container\">\n\t\t\t\t\t\t\t<p><strong><span lang=\"EN-US\">Welcome!\u00a0\u00a0<\/span>Begin your payment process here.<\/strong><\/p>\n<p><span lang=\"EN-US\">When you click the button below to pay, you&#8217;ll be redirected to a secure payment portal to complete your transaction.\u00a0<\/span><\/p>\n<p><span lang=\"EN-US\">Don&#8217;t forget, you can choose your preferred language at the bottom right corner of the next page.\u00a0<\/span><\/p>\n<p><span lang=\"EN-US\">Thank you for choosing us!<\/span><\/p>\t\t\t\t\t\t<\/div>\n\t\t\t\t<\/div>\n\t\t\t\t\t<\/div>\n\t\t<\/div>\n\t\t\t\t\t<\/div>\n\t\t<\/section>\n\t\t\t\t<section class=\"elementor-section elementor-top-section elementor-element elementor-element-416e66a elementor-section-boxed elementor-section-height-default elementor-section-height-default\" data-id=\"416e66a\" data-element_type=\"section\">\n\t\t\t\t\t\t<div class=\"elementor-container elementor-column-gap-default\">\n\t\t\t\t\t<div class=\"elementor-column elementor-col-100 elementor-top-column elementor-element elementor-element-e960fce\" data-id=\"e960fce\" data-element_type=\"column\">\n\t\t\t<div class=\"elementor-widget-wrap elementor-element-populated\">\n\t\t\t\t\t\t<div class=\"elementor-element elementor-element-d23127b elementor-widget elementor-widget-price-table\" data-id=\"d23127b\" data-element_type=\"widget\" data-widget_type=\"price-table.default\">\n\t\t\t\t<div class=\"elementor-widget-container\">\n\t\t\t\n\t\t<div class=\"elementor-price-table\">\n\t\t\t\t\t\t\t<div class=\"elementor-price-table__header\">\n\t\t\t\t\t\t\t\t\t\t\t<h3 class=\"elementor-price-table__heading\">\n\t\t\t\t\t\tCoaching + Mental fitness program\t\t\t\t\t\t<\/h3>\n\t\t\t\t\t\n\t\t\t\t\t\t\t\t\t\t\t<span class=\"elementor-price-table__subheading\">\n\t\t\t\t\t\t\tInstalment plan\t\t\t\t\t\t<\/span>\n\t\t\t\t\t\t\t\t\t<\/div>\n\t\t\t\n\t\t\t<div class=\"elementor-price-table__price\">\n\t\t\t\t\t\t\t\t<span class=\"elementor-price-table__currency\">&#128;<\/span>\t\t\t\t\t\t\t\t\t<span class=\"elementor-price-table__integer-part\">\n\t\t\t\t\t\t1000\t\t\t\t\t<\/span>\n\t\t\t\t\n\t\t\t\t\n\t\t\t\t\n\t\t\t\t\t\t\t<\/div>\n\n\t\t\t\t\t\t\t<ul class=\"elementor-price-table__features-list\">\n\t\t\t\t\t\t\t\t\t\t\t<li class=\"elementor-repeater-item-cc6673f\">\n\t\t\t\t\t\t\t<div class=\"elementor-price-table__feature-inner\">\n\t\t\t\t\t\t\t\t<i aria-hidden=\"true\" class=\"far fa-check-circle\"><\/i>\t\t\t\t\t\t\t\t\t\t\t\t\t\t\t\t\t<span >\n\t\t\t\t\t\t\t\t\t\t7 weekly videos\t\t\t\t\t\t\t\t\t<\/span>\n\t\t\t\t\t\t\t\t\t\t\t\t\t\t\t\t<\/div>\n\t\t\t\t\t\t<\/li>\n\t\t\t\t\t\t\t\t\t\t\t<li class=\"elementor-repeater-item-8483533\">\n\t\t\t\t\t\t\t<div class=\"elementor-price-table__feature-inner\">\n\t\t\t\t\t\t\t\t<i aria-hidden=\"true\" class=\"far fa-check-circle\"><\/i>\t\t\t\t\t\t\t\t\t\t\t\t\t\t\t\t\t<span >\n\t\t\t\t\t\t\t\t\t\tDigital and audio book Positive Intelligence\t\t\t\t\t\t\t\t\t<\/span>\n\t\t\t\t\t\t\t\t\t\t\t\t\t\t\t\t<\/div>\n\t\t\t\t\t\t<\/li>\n\t\t\t\t\t\t\t\t\t\t\t<li class=\"elementor-repeater-item-aae6c5c\">\n\t\t\t\t\t\t\t<div class=\"elementor-price-table__feature-inner\">\n\t\t\t\t\t\t\t\t<i aria-hidden=\"true\" class=\"far fa-check-circle\"><\/i>\t\t\t\t\t\t\t\t\t\t\t\t\t\t\t\t\t<span >\n\t\t\t\t\t\t\t\t\t\tDaily new exercises on app during  PQ program\t\t\t\t\t\t\t\t\t<\/span>\n\t\t\t\t\t\t\t\t\t\t\t\t\t\t\t\t<\/div>\n\t\t\t\t\t\t<\/li>\n\t\t\t\t\t\t\t\t\t\t\t<li class=\"elementor-repeater-item-b3e068c\">\n\t\t\t\t\t\t\t<div class=\"elementor-price-table__feature-inner\">\n\t\t\t\t\t\t\t\t<i aria-hidden=\"true\" class=\"far fa-check-circle\"><\/i>\t\t\t\t\t\t\t\t\t\t\t\t\t\t\t\t\t<span >\n\t\t\t\t\t\t\t\t\t\t1 year access to the app with the 7 weeks PQ program\t\t\t\t\t\t\t\t\t<\/span>\n\t\t\t\t\t\t\t\t\t\t\t\t\t\t\t\t<\/div>\n\t\t\t\t\t\t<\/li>\n\t\t\t\t\t\t\t\t\t\t\t<li class=\"elementor-repeater-item-df2cee4\">\n\t\t\t\t\t\t\t<div class=\"elementor-price-table__feature-inner\">\n\t\t\t\t\t\t\t\t<i aria-hidden=\"true\" class=\"far fa-check-circle\"><\/i>\t\t\t\t\t\t\t\t\t\t\t\t\t\t\t\t\t<span >\n\t\t\t\t\t\t\t\t\t\tIndividual guidance in coaching sessions\t\t\t\t\t\t\t\t\t<\/span>\n\t\t\t\t\t\t\t\t\t\t\t\t\t\t\t\t<\/div>\n\t\t\t\t\t\t<\/li>\n\t\t\t\t\t\t\t\t\t<\/ul>\n\t\t\t\n\t\t\t\t\t\t\t<div class=\"elementor-price-table__footer\">\n\t\t\t\t\t\t\t\t\t\t\t<a class=\"elementor-price-table__button elementor-button elementor-size-md\" href=\"https:\/\/useplink.com\/payment\/oy64Whuprph3GEJ3SklkG\/\">\n\t\t\t\t\t\t\tPay here\t\t\t\t\t\t<\/a>\n\t\t\t\t\t\n\t\t\t\t\t\t\t\t\t<\/div>\n\t\t\t\t\t<\/div>\n\n\t\t\t\t<\/div>\n\t\t\t\t<\/div>\n\t\t\t\t\t<\/div>\n\t\t<\/div>\n\t\t\t\t\t<\/div>\n\t\t<\/section>\n\t\t\t\t<\/div>","protected":false},"excerpt":{"rendered":"<p>Welcome!\u00a0\u00a0Begin your payment process here. When you click the button below to pay, you&#8217;ll be redirected to a secure payment portal to complete your transaction.\u00a0 Don&#8217;t forget, you can choose your preferred language at the bottom right corner of the next page.\u00a0 Thank you for choosing us! Coaching + Mental fitness program Instalment plan &#8364; &hellip;<\/p>\n<p class=\"read-more\"> <a class=\"\" href=\"https:\/\/switchintercultural.com\/es\/payments-coaching-and-training-programs\/\"> <span class=\"screen-reader-text\">Payments Training Programs<\/span> Leer m\u00e1s &raquo;<\/a><\/p>","protected":false},"author":4,"featured_media":0,"parent":0,"menu_order":0,"comment_status":"closed","ping_status":"closed","template":"","meta":{"site-sidebar-layout":"no-sidebar","site-content-layout":"page-builder","ast-global-header-display":"","ast-main-header-display":"","ast-hfb-above-header-display":"","ast-hfb-below-header-display":"","ast-hfb-mobile-header-display":"","site-post-title":"","ast-breadcrumbs-content":"","ast-featured-img":"disabled","footer-sml-layout":"","theme-transparent-header-meta":"","adv-header-id-meta":"","stick-header-meta":"","header-above-stick-meta":"","header-main-stick-meta":"","header-below-stick-meta":""},"yoast_head":"<!-- This site is optimized with the Yoast SEO plugin v20.9 - https:\/\/yoast.com\/wordpress\/plugins\/seo\/ -->\n<title>Payments Training Programs - Switch Intercultural<\/title>\n<meta name=\"robots\" content=\"index, follow, max-snippet:-1, max-image-preview:large, max-video-preview:-1\" \/>\n<link rel=\"canonical\" href=\"https:\/\/switchintercultural.com\/es\/payments-coaching-and-training-programs\/\" \/>\n<meta property=\"og:locale\" content=\"es_ES\" \/>\n<meta property=\"og:type\" content=\"article\" \/>\n<meta property=\"og:title\" content=\"Payments Training Programs - Switch Intercultural\" \/>\n<meta property=\"og:description\" content=\"Welcome!\u00a0\u00a0Begin your payment process here. When you click the button below to pay, you&#8217;ll be redirected to a secure payment portal to complete your transaction.\u00a0 Don&#8217;t forget, you can choose your preferred language at the bottom right corner of the next page.\u00a0 Thank you for choosing us! Coaching + Mental fitness program Instalment plan &#8364; &hellip; Payments Training Programs Leer m\u00e1s &raquo;\" \/>\n<meta property=\"og:url\" content=\"https:\/\/switchintercultural.com\/es\/payments-coaching-and-training-programs\/\" \/>\n<meta property=\"og:site_name\" content=\"Switch Intercultural\" \/>\n<meta property=\"article:publisher\" content=\"https:\/\/www.facebook.com\/creandoexitoenholanda\/\" \/>\n<meta property=\"article:modified_time\" content=\"2023-07-31T07:09:20+00:00\" \/>\n<meta name=\"twitter:card\" content=\"summary_large_image\" \/>\n<meta name=\"twitter:label1\" content=\"Tiempo de lectura\" \/>\n\t<meta name=\"twitter:data1\" content=\"1 minuto\" \/>\n<script type=\"application\/ld+json\" class=\"yoast-schema-graph\">{\"@context\":\"https:\/\/schema.org\",\"@graph\":[{\"@type\":\"WebPage\",\"@id\":\"https:\/\/switchintercultural.com\/payments-coaching-and-training-programs\/\",\"url\":\"https:\/\/switchintercultural.com\/payments-coaching-and-training-programs\/\",\"name\":\"Payments Training Programs - Switch Intercultural\",\"isPartOf\":{\"@id\":\"https:\/\/switchintercultural.com\/#website\"},\"datePublished\":\"2023-05-31T10:35:54+00:00\",\"dateModified\":\"2023-07-31T07:09:20+00:00\",\"breadcrumb\":{\"@id\":\"https:\/\/switchintercultural.com\/payments-coaching-and-training-programs\/#breadcrumb\"},\"inLanguage\":\"es\",\"potentialAction\":[{\"@type\":\"ReadAction\",\"target\":[\"https:\/\/switchintercultural.com\/payments-coaching-and-training-programs\/\"]}]},{\"@type\":\"BreadcrumbList\",\"@id\":\"https:\/\/switchintercultural.com\/payments-coaching-and-training-programs\/#breadcrumb\",\"itemListElement\":[{\"@type\":\"ListItem\",\"position\":1,\"name\":\"Home\",\"item\":\"https:\/\/switchintercultural.com\/\"},{\"@type\":\"ListItem\",\"position\":2,\"name\":\"Payments Training Programs\"}]},{\"@type\":\"WebSite\",\"@id\":\"https:\/\/switchintercultural.com\/#website\",\"url\":\"https:\/\/switchintercultural.com\/\",\"name\":\"Switch Intercultural\",\"description\":\"Around the world there are many opportunities. Work, business, study, and better life opportunities. We all have the right to access these opportunities.\",\"publisher\":{\"@id\":\"https:\/\/switchintercultural.com\/#\/schema\/person\/46bd4dd9f5b57faca24e16fd40ad1a0f\"},\"potentialAction\":[{\"@type\":\"SearchAction\",\"target\":{\"@type\":\"EntryPoint\",\"urlTemplate\":\"https:\/\/switchintercultural.com\/?s={search_term_string}\"},\"query-input\":\"required name=search_term_string\"}],\"inLanguage\":\"es\"},{\"@type\":[\"Person\",\"Organization\"],\"@id\":\"https:\/\/switchintercultural.com\/#\/schema\/person\/46bd4dd9f5b57faca24e16fd40ad1a0f\",\"name\":\"Margarita Lourido\",\"image\":{\"@type\":\"ImageObject\",\"inLanguage\":\"es\",\"@id\":\"https:\/\/switchintercultural.com\/#\/schema\/person\/image\/\",\"url\":\"https:\/\/switchintercultural.com\/wp-content\/uploads\/2020\/08\/logo-switch-w1000.png\",\"contentUrl\":\"https:\/\/switchintercultural.com\/wp-content\/uploads\/2020\/08\/logo-switch-w1000.png\",\"width\":1074,\"height\":457,\"caption\":\"Margarita Lourido\"},\"logo\":{\"@id\":\"https:\/\/switchintercultural.com\/#\/schema\/person\/image\/\"},\"description\":\"Se podr\u00eda decir que soy curiosa, entusiasta y una adicta a la evoluci\u00f3n personal. Me encanta buscar la claridad porque s\u00e9 que el origen del crecimiento y la excelencia, se ve como caos y confusi\u00f3n. Veo la vida como un lugar generoso donde inevitablemente encuentras el \u00e9xito cada vez que decides disfrutar de tu camino hacia una visi\u00f3n clara y cuidarte primero. A esto lo llamo \u201c\u00c9xito desde el amor propio y la plenitud\u201d.Compassionate and Joyful Success\u201d.\",\"sameAs\":[\"https:\/\/www.facebook.com\/creandoexitoenholanda\/\",\"https:\/\/www.instagram.com\/dr.margaritalourido\/\",\"https:\/\/www.linkedin.com\/in\/dr-margarita-lourido-54680210\/\"]}]}<\/script>\n<!-- \/ Yoast SEO plugin. -->","yoast_head_json":{"title":"Payments Training Programs - Switch Intercultural","robots":{"index":"index","follow":"follow","max-snippet":"max-snippet:-1","max-image-preview":"max-image-preview:large","max-video-preview":"max-video-preview:-1"},"canonical":"https:\/\/switchintercultural.com\/es\/payments-coaching-and-training-programs\/","og_locale":"es_ES","og_type":"article","og_title":"Payments Training Programs - Switch Intercultural","og_description":"Welcome!\u00a0\u00a0Begin your payment process here. When you click the button below to pay, you&#8217;ll be redirected to a secure payment portal to complete your transaction.\u00a0 Don&#8217;t forget, you can choose your preferred language at the bottom right corner of the next page.\u00a0 Thank you for choosing us! Coaching + Mental fitness program Instalment plan &#8364; &hellip; Payments Training Programs Leer m\u00e1s &raquo;","og_url":"https:\/\/switchintercultural.com\/es\/payments-coaching-and-training-programs\/","og_site_name":"Switch Intercultural","article_publisher":"https:\/\/www.facebook.com\/creandoexitoenholanda\/","article_modified_time":"2023-07-31T07:09:20+00:00","twitter_card":"summary_large_image","twitter_misc":{"Tiempo de lectura":"1 minuto"},"schema":{"@context":"https:\/\/schema.org","@graph":[{"@type":"WebPage","@id":"https:\/\/switchintercultural.com\/payments-coaching-and-training-programs\/","url":"https:\/\/switchintercultural.com\/payments-coaching-and-training-programs\/","name":"Payments Training Programs - Switch Intercultural","isPartOf":{"@id":"https:\/\/switchintercultural.com\/#website"},"datePublished":"2023-05-31T10:35:54+00:00","dateModified":"2023-07-31T07:09:20+00:00","breadcrumb":{"@id":"https:\/\/switchintercultural.com\/payments-coaching-and-training-programs\/#breadcrumb"},"inLanguage":"es","potentialAction":[{"@type":"ReadAction","target":["https:\/\/switchintercultural.com\/payments-coaching-and-training-programs\/"]}]},{"@type":"BreadcrumbList","@id":"https:\/\/switchintercultural.com\/payments-coaching-and-training-programs\/#breadcrumb","itemListElement":[{"@type":"ListItem","position":1,"name":"Home","item":"https:\/\/switchintercultural.com\/"},{"@type":"ListItem","position":2,"name":"Payments Training Programs"}]},{"@type":"WebSite","@id":"https:\/\/switchintercultural.com\/#website","url":"https:\/\/switchintercultural.com\/","name":"Switch Intercultural","description":"Around the world there are many opportunities. Work, business, study, and better life opportunities. We all have the right to access these opportunities.","publisher":{"@id":"https:\/\/switchintercultural.com\/#\/schema\/person\/46bd4dd9f5b57faca24e16fd40ad1a0f"},"potentialAction":[{"@type":"SearchAction","target":{"@type":"EntryPoint","urlTemplate":"https:\/\/switchintercultural.com\/?s={search_term_string}"},"query-input":"required name=search_term_string"}],"inLanguage":"es"},{"@type":["Person","Organization"],"@id":"https:\/\/switchintercultural.com\/#\/schema\/person\/46bd4dd9f5b57faca24e16fd40ad1a0f","name":"Margarita Lourido","image":{"@type":"ImageObject","inLanguage":"es","@id":"https:\/\/switchintercultural.com\/#\/schema\/person\/image\/","url":"https:\/\/switchintercultural.com\/wp-content\/uploads\/2020\/08\/logo-switch-w1000.png","contentUrl":"https:\/\/switchintercultural.com\/wp-content\/uploads\/2020\/08\/logo-switch-w1000.png","width":1074,"height":457,"caption":"Margarita Lourido"},"logo":{"@id":"https:\/\/switchintercultural.com\/#\/schema\/person\/image\/"},"description":"Se podr\u00eda decir que soy curiosa, entusiasta y una adicta a la evoluci\u00f3n personal. Me encanta buscar la claridad porque s\u00e9 que el origen del crecimiento y la excelencia, se ve como caos y confusi\u00f3n. Veo la vida como un lugar generoso donde inevitablemente encuentras el \u00e9xito cada vez que decides disfrutar de tu camino hacia una visi\u00f3n clara y cuidarte primero. A esto lo llamo \u201c\u00c9xito desde el amor propio y la plenitud\u201d.Compassionate and Joyful Success\u201d.","sameAs":["https:\/\/www.facebook.com\/creandoexitoenholanda\/","https:\/\/www.instagram.com\/dr.margaritalourido\/","https:\/\/www.linkedin.com\/in\/dr-margarita-lourido-54680210\/"]}]}},"_links":{"self":[{"href":"https:\/\/switchintercultural.com\/es\/wp-json\/wp\/v2\/pages\/8321"}],"collection":[{"href":"https:\/\/switchintercultural.com\/es\/wp-json\/wp\/v2\/pages"}],"about":[{"href":"https:\/\/switchintercultural.com\/es\/wp-json\/wp\/v2\/types\/page"}],"author":[{"embeddable":true,"href":"https:\/\/switchintercultural.com\/es\/wp-json\/wp\/v2\/users\/4"}],"replies":[{"embeddable":true,"href":"https:\/\/switchintercultural.com\/es\/wp-json\/wp\/v2\/comments?post=8321"}],"version-history":[{"count":31,"href":"https:\/\/switchintercultural.com\/es\/wp-json\/wp\/v2\/pages\/8321\/revisions"}],"predecessor-version":[{"id":8504,"href":"https:\/\/switchintercultural.com\/es\/wp-json\/wp\/v2\/pages\/8321\/revisions\/8504"}],"wp:attachment":[{"href":"https:\/\/switchintercultural.com\/es\/wp-json\/wp\/v2\/media?parent=8321"}],"curies":[{"name":"wp","href":"https:\/\/api.w.org\/{rel}","templated":true}]}}