{"id":2466,"date":"2020-09-23T03:12:07","date_gmt":"2020-09-23T08:12:07","guid":{"rendered":"http:\/\/switchintercultural.7days2go.com\/?page_id=2466"},"modified":"2023-01-24T12:25:48","modified_gmt":"2023-01-24T17:25:48","slug":"order-tracking","status":"publish","type":"page","link":"https:\/\/switchintercultural.com\/es\/order-tracking\/","title":{"rendered":"Order Tracking"},"content":{"rendered":"<p>[woocommerce_order_tracking]<\/p>","protected":false},"excerpt":{"rendered":"<p>[woocommerce_order_tracking]<\/p>","protected":false},"author":4,"featured_media":0,"parent":0,"menu_order":0,"comment_status":"closed","ping_status":"closed","template":"template\/template-woo.php","meta":{"site-sidebar-layout":"default","site-content-layout":"default","ast-global-header-display":"","ast-main-header-display":"","ast-hfb-above-header-display":"","ast-hfb-below-header-display":"","ast-hfb-mobile-header-display":"","site-post-title":"","ast-breadcrumbs-content":"","ast-featured-img":"","footer-sml-layout":"","theme-transparent-header-meta":"","adv-header-id-meta":"","stick-header-meta":"","header-above-stick-meta":"","header-main-stick-meta":"","header-below-stick-meta":""},"yoast_head":"<!-- This site is optimized with the Yoast SEO plugin v20.9 - https:\/\/yoast.com\/wordpress\/plugins\/seo\/ -->\n<title>Order Tracking - Switch Intercultural<\/title>\n<meta name=\"robots\" content=\"index, follow, max-snippet:-1, max-image-preview:large, max-video-preview:-1\" \/>\n<link rel=\"canonical\" href=\"https:\/\/switchintercultural.com\/es\/shop-page__trashed\/order-tracking\/\" \/>\n<meta property=\"og:locale\" content=\"es_ES\" \/>\n<meta property=\"og:type\" content=\"article\" \/>\n<meta property=\"og:title\" content=\"Order Tracking - Switch Intercultural\" \/>\n<meta property=\"og:description\" content=\"[woocommerce_order_tracking]\" \/>\n<meta property=\"og:url\" content=\"https:\/\/switchintercultural.com\/es\/shop-page__trashed\/order-tracking\/\" \/>\n<meta property=\"og:site_name\" content=\"Switch Intercultural\" \/>\n<meta property=\"article:publisher\" content=\"https:\/\/www.facebook.com\/creandoexitoenholanda\/\" \/>\n<meta property=\"article:modified_time\" content=\"2023-01-24T17:25:48+00:00\" \/>\n<meta name=\"twitter:card\" content=\"summary_large_image\" \/>\n<script type=\"application\/ld+json\" class=\"yoast-schema-graph\">{\"@context\":\"https:\/\/schema.org\",\"@graph\":[{\"@type\":\"WebPage\",\"@id\":\"https:\/\/switchintercultural.com\/shop-page__trashed\/order-tracking\/\",\"url\":\"https:\/\/switchintercultural.com\/shop-page__trashed\/order-tracking\/\",\"name\":\"Order Tracking - Switch Intercultural\",\"isPartOf\":{\"@id\":\"https:\/\/switchintercultural.com\/#website\"},\"datePublished\":\"2020-09-23T08:12:07+00:00\",\"dateModified\":\"2023-01-24T17:25:48+00:00\",\"breadcrumb\":{\"@id\":\"https:\/\/switchintercultural.com\/shop-page__trashed\/order-tracking\/#breadcrumb\"},\"inLanguage\":\"es\",\"potentialAction\":[{\"@type\":\"ReadAction\",\"target\":[\"https:\/\/switchintercultural.com\/shop-page__trashed\/order-tracking\/\"]}]},{\"@type\":\"BreadcrumbList\",\"@id\":\"https:\/\/switchintercultural.com\/shop-page__trashed\/order-tracking\/#breadcrumb\",\"itemListElement\":[{\"@type\":\"ListItem\",\"position\":1,\"name\":\"Home\",\"item\":\"https:\/\/switchintercultural.com\/\"},{\"@type\":\"ListItem\",\"position\":2,\"name\":\"Order Tracking\"}]},{\"@type\":\"WebSite\",\"@id\":\"https:\/\/switchintercultural.com\/#website\",\"url\":\"https:\/\/switchintercultural.com\/\",\"name\":\"Switch Intercultural\",\"description\":\"Around the world there are many opportunities. Work, business, study, and better life opportunities. We all have the right to access these opportunities.\",\"publisher\":{\"@id\":\"https:\/\/switchintercultural.com\/#\/schema\/person\/46bd4dd9f5b57faca24e16fd40ad1a0f\"},\"potentialAction\":[{\"@type\":\"SearchAction\",\"target\":{\"@type\":\"EntryPoint\",\"urlTemplate\":\"https:\/\/switchintercultural.com\/?s={search_term_string}\"},\"query-input\":\"required name=search_term_string\"}],\"inLanguage\":\"es\"},{\"@type\":[\"Person\",\"Organization\"],\"@id\":\"https:\/\/switchintercultural.com\/#\/schema\/person\/46bd4dd9f5b57faca24e16fd40ad1a0f\",\"name\":\"Margarita Lourido\",\"image\":{\"@type\":\"ImageObject\",\"inLanguage\":\"es\",\"@id\":\"https:\/\/switchintercultural.com\/#\/schema\/person\/image\/\",\"url\":\"https:\/\/switchintercultural.com\/wp-content\/uploads\/2020\/08\/logo-switch-w1000.png\",\"contentUrl\":\"https:\/\/switchintercultural.com\/wp-content\/uploads\/2020\/08\/logo-switch-w1000.png\",\"width\":1074,\"height\":457,\"caption\":\"Margarita Lourido\"},\"logo\":{\"@id\":\"https:\/\/switchintercultural.com\/#\/schema\/person\/image\/\"},\"description\":\"Se podr\u00eda decir que soy curiosa, entusiasta y una adicta a la evoluci\u00f3n personal. Me encanta buscar la claridad porque s\u00e9 que el origen del crecimiento y la excelencia, se ve como caos y confusi\u00f3n. Veo la vida como un lugar generoso donde inevitablemente encuentras el \u00e9xito cada vez que decides disfrutar de tu camino hacia una visi\u00f3n clara y cuidarte primero. A esto lo llamo \u201c\u00c9xito desde el amor propio y la plenitud\u201d.Compassionate and Joyful Success\u201d.\",\"sameAs\":[\"https:\/\/www.facebook.com\/creandoexitoenholanda\/\",\"https:\/\/www.instagram.com\/dr.margaritalourido\/\",\"https:\/\/www.linkedin.com\/in\/dr-margarita-lourido-54680210\/\"]}]}<\/script>\n<!-- \/ Yoast SEO plugin. -->","yoast_head_json":{"title":"Order Tracking - Switch Intercultural","robots":{"index":"index","follow":"follow","max-snippet":"max-snippet:-1","max-image-preview":"max-image-preview:large","max-video-preview":"max-video-preview:-1"},"canonical":"https:\/\/switchintercultural.com\/es\/shop-page__trashed\/order-tracking\/","og_locale":"es_ES","og_type":"article","og_title":"Order Tracking - Switch Intercultural","og_description":"[woocommerce_order_tracking]","og_url":"https:\/\/switchintercultural.com\/es\/shop-page__trashed\/order-tracking\/","og_site_name":"Switch Intercultural","article_publisher":"https:\/\/www.facebook.com\/creandoexitoenholanda\/","article_modified_time":"2023-01-24T17:25:48+00:00","twitter_card":"summary_large_image","schema":{"@context":"https:\/\/schema.org","@graph":[{"@type":"WebPage","@id":"https:\/\/switchintercultural.com\/shop-page__trashed\/order-tracking\/","url":"https:\/\/switchintercultural.com\/shop-page__trashed\/order-tracking\/","name":"Order Tracking - Switch Intercultural","isPartOf":{"@id":"https:\/\/switchintercultural.com\/#website"},"datePublished":"2020-09-23T08:12:07+00:00","dateModified":"2023-01-24T17:25:48+00:00","breadcrumb":{"@id":"https:\/\/switchintercultural.com\/shop-page__trashed\/order-tracking\/#breadcrumb"},"inLanguage":"es","potentialAction":[{"@type":"ReadAction","target":["https:\/\/switchintercultural.com\/shop-page__trashed\/order-tracking\/"]}]},{"@type":"BreadcrumbList","@id":"https:\/\/switchintercultural.com\/shop-page__trashed\/order-tracking\/#breadcrumb","itemListElement":[{"@type":"ListItem","position":1,"name":"Home","item":"https:\/\/switchintercultural.com\/"},{"@type":"ListItem","position":2,"name":"Order Tracking"}]},{"@type":"WebSite","@id":"https:\/\/switchintercultural.com\/#website","url":"https:\/\/switchintercultural.com\/","name":"Switch Intercultural","description":"Around the world there are many opportunities. Work, business, study, and better life opportunities. We all have the right to access these opportunities.","publisher":{"@id":"https:\/\/switchintercultural.com\/#\/schema\/person\/46bd4dd9f5b57faca24e16fd40ad1a0f"},"potentialAction":[{"@type":"SearchAction","target":{"@type":"EntryPoint","urlTemplate":"https:\/\/switchintercultural.com\/?s={search_term_string}"},"query-input":"required name=search_term_string"}],"inLanguage":"es"},{"@type":["Person","Organization"],"@id":"https:\/\/switchintercultural.com\/#\/schema\/person\/46bd4dd9f5b57faca24e16fd40ad1a0f","name":"Margarita Lourido","image":{"@type":"ImageObject","inLanguage":"es","@id":"https:\/\/switchintercultural.com\/#\/schema\/person\/image\/","url":"https:\/\/switchintercultural.com\/wp-content\/uploads\/2020\/08\/logo-switch-w1000.png","contentUrl":"https:\/\/switchintercultural.com\/wp-content\/uploads\/2020\/08\/logo-switch-w1000.png","width":1074,"height":457,"caption":"Margarita Lourido"},"logo":{"@id":"https:\/\/switchintercultural.com\/#\/schema\/person\/image\/"},"description":"Se podr\u00eda decir que soy curiosa, entusiasta y una adicta a la evoluci\u00f3n personal. Me encanta buscar la claridad porque s\u00e9 que el origen del crecimiento y la excelencia, se ve como caos y confusi\u00f3n. Veo la vida como un lugar generoso donde inevitablemente encuentras el \u00e9xito cada vez que decides disfrutar de tu camino hacia una visi\u00f3n clara y cuidarte primero. A esto lo llamo \u201c\u00c9xito desde el amor propio y la plenitud\u201d.Compassionate and Joyful Success\u201d.","sameAs":["https:\/\/www.facebook.com\/creandoexitoenholanda\/","https:\/\/www.instagram.com\/dr.margaritalourido\/","https:\/\/www.linkedin.com\/in\/dr-margarita-lourido-54680210\/"]}]}},"_links":{"self":[{"href":"https:\/\/switchintercultural.com\/es\/wp-json\/wp\/v2\/pages\/2466"}],"collection":[{"href":"https:\/\/switchintercultural.com\/es\/wp-json\/wp\/v2\/pages"}],"about":[{"href":"https:\/\/switchintercultural.com\/es\/wp-json\/wp\/v2\/types\/page"}],"author":[{"embeddable":true,"href":"https:\/\/switchintercultural.com\/es\/wp-json\/wp\/v2\/users\/4"}],"replies":[{"embeddable":true,"href":"https:\/\/switchintercultural.com\/es\/wp-json\/wp\/v2\/comments?post=2466"}],"version-history":[{"count":1,"href":"https:\/\/switchintercultural.com\/es\/wp-json\/wp\/v2\/pages\/2466\/revisions"}],"predecessor-version":[{"id":7753,"href":"https:\/\/switchintercultural.com\/es\/wp-json\/wp\/v2\/pages\/2466\/revisions\/7753"}],"wp:attachment":[{"href":"https:\/\/switchintercultural.com\/es\/wp-json\/wp\/v2\/media?parent=2466"}],"curies":[{"name":"wp","href":"https:\/\/api.w.org\/{rel}","templated":true}]}}