{"id":1353,"date":"2020-09-05T02:40:25","date_gmt":"2020-09-05T07:40:25","guid":{"rendered":"http:\/\/switchintercultural.7days2go.com\/?page_id=1353"},"modified":"2023-05-16T02:48:09","modified_gmt":"2023-05-16T07:48:09","slug":"contact","status":"publish","type":"page","link":"https:\/\/switchintercultural.com\/es\/contact\/","title":{"rendered":"Contacto"},"content":{"rendered":"<div data-elementor-type=\"wp-page\" data-elementor-id=\"1353\" class=\"elementor elementor-1353\">\n\t\t\t\t\t\t<section class=\"elementor-section elementor-top-section elementor-element elementor-element-6b3fee9 elementor-section-height-min-height elementor-section-items-bottom elementor-section-content-bottom elementor-section-stretched elementor-section-boxed elementor-section-height-default\" data-id=\"6b3fee9\" data-element_type=\"section\" data-settings=\"{&quot;stretch_section&quot;:&quot;section-stretched&quot;,&quot;background_background&quot;:&quot;classic&quot;}\">\n\t\t\t\t\t\t\t<div class=\"elementor-background-overlay\"><\/div>\n\t\t\t\t\t\t\t<div class=\"elementor-container elementor-column-gap-wider\">\n\t\t\t\t\t<div class=\"elementor-column elementor-col-50 elementor-top-column elementor-element elementor-element-db3f287 elementor-invisible\" data-id=\"db3f287\" data-element_type=\"column\" data-settings=\"{&quot;animation&quot;:&quot;fadeInUp&quot;,&quot;animation_delay&quot;:300}\">\n\t\t\t<div class=\"elementor-widget-wrap elementor-element-populated\">\n\t\t\t\t\t\t<div class=\"elementor-element elementor-element-a914281 elementor-widget elementor-widget-heading\" data-id=\"a914281\" data-element_type=\"widget\" data-widget_type=\"heading.default\">\n\t\t\t\t<div class=\"elementor-widget-container\">\n\t\t\t<span class=\"elementor-heading-title elementor-size-default\">Contacto<\/span>\t\t<\/div>\n\t\t\t\t<\/div>\n\t\t\t\t<div class=\"elementor-element elementor-element-da64b37 elementor-widget elementor-widget-heading\" data-id=\"da64b37\" data-element_type=\"widget\" data-widget_type=\"heading.default\">\n\t\t\t\t<div class=\"elementor-widget-container\">\n\t\t\t<h1 class=\"elementor-heading-title elementor-size-default\">Hablemos<br>\u00a1Crea la transformaci\u00f3n que quieres ver en tu vida!<\/h1>\t\t<\/div>\n\t\t\t\t<\/div>\n\t\t\t\t\t<\/div>\n\t\t<\/div>\n\t\t\t\t<div class=\"elementor-column elementor-col-50 elementor-top-column elementor-element elementor-element-22ad9c6\" data-id=\"22ad9c6\" data-element_type=\"column\">\n\t\t\t<div class=\"elementor-widget-wrap\">\n\t\t\t\t\t\t\t<\/div>\n\t\t<\/div>\n\t\t\t\t\t<\/div>\n\t\t<\/section>\n\t\t\t\t<section class=\"elementor-section elementor-top-section elementor-element elementor-element-87b71f0 elementor-section-stretched elementor-section-boxed elementor-section-height-default elementor-section-height-default\" data-id=\"87b71f0\" data-element_type=\"section\" data-settings=\"{&quot;stretch_section&quot;:&quot;section-stretched&quot;,&quot;background_background&quot;:&quot;classic&quot;}\">\n\t\t\t\t\t\t<div class=\"elementor-container elementor-column-gap-wider\">\n\t\t\t\t\t<div class=\"elementor-column elementor-col-33 elementor-top-column elementor-element elementor-element-40613e4\" data-id=\"40613e4\" data-element_type=\"column\">\n\t\t\t<div class=\"elementor-widget-wrap elementor-element-populated\">\n\t\t\t\t\t\t<div class=\"elementor-element elementor-element-2a8d6a4 elementor-widget elementor-widget-heading\" data-id=\"2a8d6a4\" data-element_type=\"widget\" data-widget_type=\"heading.default\">\n\t\t\t\t<div class=\"elementor-widget-container\">\n\t\t\t<h4 class=\"elementor-heading-title elementor-size-default\">Mis redes sociales<\/h4>\t\t<\/div>\n\t\t\t\t<\/div>\n\t\t\t\t<div class=\"elementor-element elementor-element-83cf39d elementor-invisible elementor-widget elementor-widget-text-editor\" data-id=\"83cf39d\" data-element_type=\"widget\" data-settings=\"{&quot;_animation&quot;:&quot;fadeIn&quot;}\" data-widget_type=\"text-editor.default\">\n\t\t\t\t<div class=\"elementor-widget-container\">\n\t\t\t\t\t\t\t<p>Si tiene alguna pregunta sobre mis servicios, no dude en ponerse en contacto conmigo mediante el formulario de la derecha o env\u00ede un correo electr\u00f3nico a<\/p><p><a href=\"mailto:info@switchintercultural.com\">info @switchintercultural.com<\/a><\/p>\t\t\t\t\t\t<\/div>\n\t\t\t\t<\/div>\n\t\t\t\t<div class=\"elementor-element elementor-element-6cc7c1f elementor-widget elementor-widget-heading\" data-id=\"6cc7c1f\" data-element_type=\"widget\" data-widget_type=\"heading.default\">\n\t\t\t\t<div class=\"elementor-widget-container\">\n\t\t\t<h4 class=\"elementor-heading-title elementor-size-default\">Mis redes sociales<\/h4>\t\t<\/div>\n\t\t\t\t<\/div>\n\t\t\t\t<div class=\"elementor-element elementor-element-192b3a0 elementor-shape-circle e-grid-align-left elementor-grid-0 elementor-widget elementor-widget-social-icons\" data-id=\"192b3a0\" data-element_type=\"widget\" data-widget_type=\"social-icons.default\">\n\t\t\t\t<div class=\"elementor-widget-container\">\n\t\t\t\t\t<div class=\"elementor-social-icons-wrapper elementor-grid\">\n\t\t\t\t\t\t\t<span class=\"elementor-grid-item\">\n\t\t\t\t\t<a class=\"elementor-icon elementor-social-icon elementor-social-icon-linkedin elementor-repeater-item-655295c\" href=\"https:\/\/www.linkedin.com\/in\/dr-margarita-lourido-success-psychologist\/\" target=\"_blank\">\n\t\t\t\t\t\t<span class=\"elementor-screen-only\">Linkedin<\/span>\n\t\t\t\t\t\t<i class=\"fab fa-linkedin\"><\/i>\t\t\t\t\t<\/a>\n\t\t\t\t<\/span>\n\t\t\t\t\t\t\t<span class=\"elementor-grid-item\">\n\t\t\t\t\t<a class=\"elementor-icon elementor-social-icon elementor-social-icon-instagram elementor-repeater-item-233bb2e\" href=\"https:\/\/www.instagram.com\/dr.margaritalourido\/\" target=\"_blank\">\n\t\t\t\t\t\t<span class=\"elementor-screen-only\">Instagram<\/span>\n\t\t\t\t\t\t<i class=\"fab fa-instagram\"><\/i>\t\t\t\t\t<\/a>\n\t\t\t\t<\/span>\n\t\t\t\t\t\t\t<span class=\"elementor-grid-item\">\n\t\t\t\t\t<a class=\"elementor-icon elementor-social-icon elementor-social-icon-facebook elementor-repeater-item-030c836\" href=\"https:\/\/www.facebook.com\/switchintercultural\" target=\"_blank\">\n\t\t\t\t\t\t<span class=\"elementor-screen-only\">Facebook<\/span>\n\t\t\t\t\t\t<i class=\"fab fa-facebook\"><\/i>\t\t\t\t\t<\/a>\n\t\t\t\t<\/span>\n\t\t\t\t\t<\/div>\n\t\t\t\t<\/div>\n\t\t\t\t<\/div>\n\t\t\t\t\t<\/div>\n\t\t<\/div>\n\t\t\t\t<div class=\"elementor-column elementor-col-66 elementor-top-column elementor-element elementor-element-5a8431e\" data-id=\"5a8431e\" data-element_type=\"column\">\n\t\t\t<div class=\"elementor-widget-wrap elementor-element-populated\">\n\t\t\t\t\t\t<div class=\"elementor-element elementor-element-5829d14 elementor-widget elementor-widget-heading\" data-id=\"5829d14\" data-element_type=\"widget\" data-widget_type=\"heading.default\">\n\t\t\t\t<div class=\"elementor-widget-container\">\n\t\t\t<h4 class=\"elementor-heading-title elementor-size-default\">Formulario de contacto<\/h4>\t\t<\/div>\n\t\t\t\t<\/div>\n\t\t\t\t<div class=\"elementor-element elementor-element-ee5d649 elementor-button-align-start elementor-widget elementor-widget-form\" data-id=\"ee5d649\" data-element_type=\"widget\" data-settings=\"{&quot;step_next_label&quot;:&quot;Next&quot;,&quot;step_previous_label&quot;:&quot;Previous&quot;,&quot;button_width&quot;:&quot;100&quot;,&quot;step_type&quot;:&quot;number_text&quot;,&quot;step_icon_shape&quot;:&quot;circle&quot;}\" data-widget_type=\"form.default\">\n\t\t\t\t<div class=\"elementor-widget-container\">\n\t\t\t\t\t<form class=\"elementor-form\" method=\"post\" name=\"Formulario de contacto\" action=\"\">\n\t\t\t<input type=\"hidden\" name=\"post_id\" value=\"1353\"\/>\n\t\t\t<input type=\"hidden\" name=\"form_id\" value=\"ee5d649\"\/>\n\t\t\t<input type=\"hidden\" name=\"referer_title\" value=\"Switch Intercultural\" \/>\n\n\t\t\t\n\t\t\t<div class=\"elementor-form-fields-wrapper elementor-labels-above\">\n\t\t\t\t\t\t\t\t<div class=\"elementor-field-type-text elementor-field-group elementor-column elementor-field-group-nombre elementor-col-50 elementor-field-required\">\n\t\t\t\t\t\t\t\t\t\t\t\t<label for=\"form-field-nombre\" class=\"elementor-field-label\">\n\t\t\t\t\t\t\t\tTu nombre\t\t\t\t\t\t\t<\/label>\n\t\t\t\t\t\t\t\t\t\t\t\t\t\t<input size=\"1\" type=\"text\" name=\"form_fields[nombre]\" id=\"form-field-nombre\" class=\"elementor-field elementor-size-sm  elementor-field-textual\" placeholder=\"Como te gusta que te llamen\" required=\"required\" aria-required=\"true\">\n\t\t\t\t\t\t\t\t\t\t\t<\/div>\n\t\t\t\t\t\t\t\t<div class=\"elementor-field-type-email elementor-field-group elementor-column elementor-field-group-email elementor-col-50 elementor-field-required\">\n\t\t\t\t\t\t\t\t\t\t\t\t<label for=\"form-field-email\" class=\"elementor-field-label\">\n\t\t\t\t\t\t\t\tTu correo electr\u00f3nico\t\t\t\t\t\t\t<\/label>\n\t\t\t\t\t\t\t\t\t\t\t\t\t\t<input size=\"1\" type=\"email\" name=\"form_fields[email]\" id=\"form-field-email\" class=\"elementor-field elementor-size-sm  elementor-field-textual\" placeholder=\"Revisa que est\u00e9 bien escrito\" required=\"required\" aria-required=\"true\">\n\t\t\t\t\t\t\t\t\t\t\t<\/div>\n\t\t\t\t\t\t\t\t<div class=\"elementor-field-type-textarea elementor-field-group elementor-column elementor-field-group-message elementor-col-100\">\n\t\t\t\t\t\t\t\t\t\t\t\t<label for=\"form-field-message\" class=\"elementor-field-label\">\n\t\t\t\t\t\t\t\tTu mensaje\t\t\t\t\t\t\t<\/label>\n\t\t\t\t\t\t<textarea class=\"elementor-field-textual elementor-field  elementor-size-sm\" name=\"form_fields[message]\" id=\"form-field-message\" rows=\"4\" placeholder=\"Dime c\u00f3mo puedo ayudarte...\"><\/textarea>\t\t\t\t<\/div>\n\t\t\t\t\t\t\t\t<div class=\"elementor-field-type-acceptance elementor-field-group elementor-column elementor-field-group-politicas elementor-col-100\">\n\t\t\t\t\t\t\t<div class=\"elementor-field-subgroup\">\n\t\t\t<span class=\"elementor-field-option\">\n\t\t\t\t<input type=\"checkbox\" name=\"form_fields[politicas]\" id=\"form-field-politicas\" class=\"elementor-field elementor-size-sm  elementor-acceptance-field\">\n\t\t\t\t<label for=\"form-field-politicas\">Acepto la pol\u00edtica de privacidad<\/label>\t\t\t<\/span>\n\t\t<\/div>\n\t\t\t\t\t\t<\/div>\n\t\t\t\t\t\t\t\t<div class=\"elementor-field-type-recaptcha_v3 elementor-field-group elementor-column elementor-field-group-reCaptcha elementor-col-100 recaptcha_v3-bottomright\">\n\t\t\t\t\t<div class=\"elementor-field\" id=\"form-field-reCaptcha\"><div class=\"elementor-g-recaptcha\" data-sitekey=\"6LdfOqglAAAAAGu-3b1FxFTeHJ7oK1t7s2zQrPEH\" data-type=\"v3\" data-action=\"Form\" data-badge=\"bottomright\" data-size=\"invisible\"><\/div><\/div>\t\t\t\t<\/div>\n\t\t\t\t\t\t\t\t<div class=\"elementor-field-group elementor-column elementor-field-type-submit elementor-col-100 e-form__buttons\">\n\t\t\t\t\t<button type=\"submit\" class=\"elementor-button elementor-size-sm\">\n\t\t\t\t\t\t<span >\n\t\t\t\t\t\t\t\t\t\t\t\t\t\t\t<span class=\"elementor-button-icon\">\n\t\t\t\t\t\t\t\t\t\t\t\t\t\t\t\t\t\t\t\t\t\t\t\t\t\t<\/span>\n\t\t\t\t\t\t\t\t\t\t\t\t\t\t\t\t\t\t\t\t\t\t<span class=\"elementor-button-text\">Enviar mensaje ahora<\/span>\n\t\t\t\t\t\t\t\t\t\t\t\t\t<\/span>\n\t\t\t\t\t<\/button>\n\t\t\t\t<\/div>\n\t\t\t<\/div>\n\t\t<input type=\"hidden\" name=\"trp-form-language\" value=\"es\"\/><\/form>\n\t\t\t\t<\/div>\n\t\t\t\t<\/div>\n\t\t\t\t\t<\/div>\n\t\t<\/div>\n\t\t\t\t\t<\/div>\n\t\t<\/section>\n\t\t\t\t<\/div>","protected":false},"excerpt":{"rendered":"<p>Contact Let\u00b4s talkAnd create the transformation that you want to see! Let&#8217;s get to work If you have any questions about my services please don\u2019t hesitate to contact me using the form on the right or send an email to: info @switchintercultural.com My social media Linkedin Instagram Facebook Contact form<\/p>","protected":false},"author":4,"featured_media":0,"parent":0,"menu_order":0,"comment_status":"closed","ping_status":"closed","template":"elementor_header_footer","meta":{"site-sidebar-layout":"default","site-content-layout":"default","ast-global-header-display":"","ast-main-header-display":"","ast-hfb-above-header-display":"","ast-hfb-below-header-display":"","ast-hfb-mobile-header-display":"","site-post-title":"","ast-breadcrumbs-content":"","ast-featured-img":"","footer-sml-layout":"","theme-transparent-header-meta":"","adv-header-id-meta":"","stick-header-meta":"","header-above-stick-meta":"","header-main-stick-meta":"","header-below-stick-meta":""},"yoast_head":"<!-- This site is optimized with the Yoast SEO plugin v20.9 - https:\/\/yoast.com\/wordpress\/plugins\/seo\/ -->\n<title>Contact - Switch Intercultural<\/title>\n<meta name=\"robots\" content=\"index, follow, max-snippet:-1, max-image-preview:large, max-video-preview:-1\" \/>\n<link rel=\"canonical\" href=\"https:\/\/switchintercultural.com\/es\/contact\/\" \/>\n<meta property=\"og:locale\" content=\"es_ES\" \/>\n<meta property=\"og:type\" content=\"article\" \/>\n<meta property=\"og:title\" content=\"Contact - Switch Intercultural\" \/>\n<meta property=\"og:description\" content=\"Contact Let\u00b4s talkAnd create the transformation that you want to see! Let&#8217;s get to work If you have any questions about my services please don\u2019t hesitate to contact me using the form on the right or send an email to: info @switchintercultural.com My social media Linkedin Instagram Facebook Contact form\" \/>\n<meta property=\"og:url\" content=\"https:\/\/switchintercultural.com\/es\/contact\/\" \/>\n<meta property=\"og:site_name\" content=\"Switch Intercultural\" \/>\n<meta property=\"article:publisher\" content=\"https:\/\/www.facebook.com\/creandoexitoenholanda\/\" \/>\n<meta property=\"article:modified_time\" content=\"2023-05-16T07:48:09+00:00\" \/>\n<meta name=\"twitter:card\" content=\"summary_large_image\" \/>\n<meta name=\"twitter:label1\" content=\"Tiempo de lectura\" \/>\n\t<meta name=\"twitter:data1\" content=\"1 minuto\" \/>\n<script type=\"application\/ld+json\" class=\"yoast-schema-graph\">{\"@context\":\"https:\/\/schema.org\",\"@graph\":[{\"@type\":\"WebPage\",\"@id\":\"https:\/\/switchintercultural.com\/contact\/\",\"url\":\"https:\/\/switchintercultural.com\/contact\/\",\"name\":\"Contact - Switch Intercultural\",\"isPartOf\":{\"@id\":\"https:\/\/switchintercultural.com\/#website\"},\"datePublished\":\"2020-09-05T07:40:25+00:00\",\"dateModified\":\"2023-05-16T07:48:09+00:00\",\"breadcrumb\":{\"@id\":\"https:\/\/switchintercultural.com\/contact\/#breadcrumb\"},\"inLanguage\":\"es\",\"potentialAction\":[{\"@type\":\"ReadAction\",\"target\":[\"https:\/\/switchintercultural.com\/contact\/\"]}]},{\"@type\":\"BreadcrumbList\",\"@id\":\"https:\/\/switchintercultural.com\/contact\/#breadcrumb\",\"itemListElement\":[{\"@type\":\"ListItem\",\"position\":1,\"name\":\"Home\",\"item\":\"https:\/\/switchintercultural.com\/\"},{\"@type\":\"ListItem\",\"position\":2,\"name\":\"Contact\"}]},{\"@type\":\"WebSite\",\"@id\":\"https:\/\/switchintercultural.com\/#website\",\"url\":\"https:\/\/switchintercultural.com\/\",\"name\":\"Switch Intercultural\",\"description\":\"Around the world there are many opportunities. Work, business, study, and better life opportunities. We all have the right to access these opportunities.\",\"publisher\":{\"@id\":\"https:\/\/switchintercultural.com\/#\/schema\/person\/46bd4dd9f5b57faca24e16fd40ad1a0f\"},\"potentialAction\":[{\"@type\":\"SearchAction\",\"target\":{\"@type\":\"EntryPoint\",\"urlTemplate\":\"https:\/\/switchintercultural.com\/?s={search_term_string}\"},\"query-input\":\"required name=search_term_string\"}],\"inLanguage\":\"es\"},{\"@type\":[\"Person\",\"Organization\"],\"@id\":\"https:\/\/switchintercultural.com\/#\/schema\/person\/46bd4dd9f5b57faca24e16fd40ad1a0f\",\"name\":\"Margarita Lourido\",\"image\":{\"@type\":\"ImageObject\",\"inLanguage\":\"es\",\"@id\":\"https:\/\/switchintercultural.com\/#\/schema\/person\/image\/\",\"url\":\"https:\/\/switchintercultural.com\/wp-content\/uploads\/2020\/08\/logo-switch-w1000.png\",\"contentUrl\":\"https:\/\/switchintercultural.com\/wp-content\/uploads\/2020\/08\/logo-switch-w1000.png\",\"width\":1074,\"height\":457,\"caption\":\"Margarita Lourido\"},\"logo\":{\"@id\":\"https:\/\/switchintercultural.com\/#\/schema\/person\/image\/\"},\"description\":\"Se podr\u00eda decir que soy curiosa, entusiasta y una adicta a la evoluci\u00f3n personal. Me encanta buscar la claridad porque s\u00e9 que el origen del crecimiento y la excelencia, se ve como caos y confusi\u00f3n. Veo la vida como un lugar generoso donde inevitablemente encuentras el \u00e9xito cada vez que decides disfrutar de tu camino hacia una visi\u00f3n clara y cuidarte primero. A esto lo llamo \u201c\u00c9xito desde el amor propio y la plenitud\u201d.Compassionate and Joyful Success\u201d.\",\"sameAs\":[\"https:\/\/www.facebook.com\/creandoexitoenholanda\/\",\"https:\/\/www.instagram.com\/dr.margaritalourido\/\",\"https:\/\/www.linkedin.com\/in\/dr-margarita-lourido-54680210\/\"]}]}<\/script>\n<!-- \/ Yoast SEO plugin. -->","yoast_head_json":{"title":"Contact - Switch Intercultural","robots":{"index":"index","follow":"follow","max-snippet":"max-snippet:-1","max-image-preview":"max-image-preview:large","max-video-preview":"max-video-preview:-1"},"canonical":"https:\/\/switchintercultural.com\/es\/contact\/","og_locale":"es_ES","og_type":"article","og_title":"Contact - Switch Intercultural","og_description":"Contact Let\u00b4s talkAnd create the transformation that you want to see! Let&#8217;s get to work If you have any questions about my services please don\u2019t hesitate to contact me using the form on the right or send an email to: info @switchintercultural.com My social media Linkedin Instagram Facebook Contact form","og_url":"https:\/\/switchintercultural.com\/es\/contact\/","og_site_name":"Switch Intercultural","article_publisher":"https:\/\/www.facebook.com\/creandoexitoenholanda\/","article_modified_time":"2023-05-16T07:48:09+00:00","twitter_card":"summary_large_image","twitter_misc":{"Tiempo de lectura":"1 minuto"},"schema":{"@context":"https:\/\/schema.org","@graph":[{"@type":"WebPage","@id":"https:\/\/switchintercultural.com\/contact\/","url":"https:\/\/switchintercultural.com\/contact\/","name":"Contact - Switch Intercultural","isPartOf":{"@id":"https:\/\/switchintercultural.com\/#website"},"datePublished":"2020-09-05T07:40:25+00:00","dateModified":"2023-05-16T07:48:09+00:00","breadcrumb":{"@id":"https:\/\/switchintercultural.com\/contact\/#breadcrumb"},"inLanguage":"es","potentialAction":[{"@type":"ReadAction","target":["https:\/\/switchintercultural.com\/contact\/"]}]},{"@type":"BreadcrumbList","@id":"https:\/\/switchintercultural.com\/contact\/#breadcrumb","itemListElement":[{"@type":"ListItem","position":1,"name":"Home","item":"https:\/\/switchintercultural.com\/"},{"@type":"ListItem","position":2,"name":"Contact"}]},{"@type":"WebSite","@id":"https:\/\/switchintercultural.com\/#website","url":"https:\/\/switchintercultural.com\/","name":"Switch Intercultural","description":"Around the world there are many opportunities. Work, business, study, and better life opportunities. We all have the right to access these opportunities.","publisher":{"@id":"https:\/\/switchintercultural.com\/#\/schema\/person\/46bd4dd9f5b57faca24e16fd40ad1a0f"},"potentialAction":[{"@type":"SearchAction","target":{"@type":"EntryPoint","urlTemplate":"https:\/\/switchintercultural.com\/?s={search_term_string}"},"query-input":"required name=search_term_string"}],"inLanguage":"es"},{"@type":["Person","Organization"],"@id":"https:\/\/switchintercultural.com\/#\/schema\/person\/46bd4dd9f5b57faca24e16fd40ad1a0f","name":"Margarita Lourido","image":{"@type":"ImageObject","inLanguage":"es","@id":"https:\/\/switchintercultural.com\/#\/schema\/person\/image\/","url":"https:\/\/switchintercultural.com\/wp-content\/uploads\/2020\/08\/logo-switch-w1000.png","contentUrl":"https:\/\/switchintercultural.com\/wp-content\/uploads\/2020\/08\/logo-switch-w1000.png","width":1074,"height":457,"caption":"Margarita Lourido"},"logo":{"@id":"https:\/\/switchintercultural.com\/#\/schema\/person\/image\/"},"description":"Se podr\u00eda decir que soy curiosa, entusiasta y una adicta a la evoluci\u00f3n personal. Me encanta buscar la claridad porque s\u00e9 que el origen del crecimiento y la excelencia, se ve como caos y confusi\u00f3n. Veo la vida como un lugar generoso donde inevitablemente encuentras el \u00e9xito cada vez que decides disfrutar de tu camino hacia una visi\u00f3n clara y cuidarte primero. A esto lo llamo \u201c\u00c9xito desde el amor propio y la plenitud\u201d.Compassionate and Joyful Success\u201d.","sameAs":["https:\/\/www.facebook.com\/creandoexitoenholanda\/","https:\/\/www.instagram.com\/dr.margaritalourido\/","https:\/\/www.linkedin.com\/in\/dr-margarita-lourido-54680210\/"]}]}},"_links":{"self":[{"href":"https:\/\/switchintercultural.com\/es\/wp-json\/wp\/v2\/pages\/1353"}],"collection":[{"href":"https:\/\/switchintercultural.com\/es\/wp-json\/wp\/v2\/pages"}],"about":[{"href":"https:\/\/switchintercultural.com\/es\/wp-json\/wp\/v2\/types\/page"}],"author":[{"embeddable":true,"href":"https:\/\/switchintercultural.com\/es\/wp-json\/wp\/v2\/users\/4"}],"replies":[{"embeddable":true,"href":"https:\/\/switchintercultural.com\/es\/wp-json\/wp\/v2\/comments?post=1353"}],"version-history":[{"count":34,"href":"https:\/\/switchintercultural.com\/es\/wp-json\/wp\/v2\/pages\/1353\/revisions"}],"predecessor-version":[{"id":8271,"href":"https:\/\/switchintercultural.com\/es\/wp-json\/wp\/v2\/pages\/1353\/revisions\/8271"}],"wp:attachment":[{"href":"https:\/\/switchintercultural.com\/es\/wp-json\/wp\/v2\/media?parent=1353"}],"curies":[{"name":"wp","href":"https:\/\/api.w.org\/{rel}","templated":true}]}}